{"id":626,"date":"2014-09-30T16:20:15","date_gmt":"2014-09-30T16:20:15","guid":{"rendered":"http:\/\/classiccarrestorationcenter.com\/?page_id=626"},"modified":"2014-09-30T16:20:40","modified_gmt":"2014-09-30T16:20:40","slug":"nabidka","status":"publish","type":"page","link":"https:\/\/classiccarrestorationcenter.com\/cs\/nabidka\/","title":{"rendered":"Nab\u00eddka"},"content":{"rendered":"","protected":false},"excerpt":{"rendered":"","protected":false},"author":1,"featured_media":0,"parent":0,"menu_order":0,"comment_status":"open","ping_status":"open","template":"","meta":[],"yoast_head":"<!-- This site is optimized with the Yoast SEO plugin v19.11 - https:\/\/yoast.com\/wordpress\/plugins\/seo\/ -->\n<title>Nab\u00eddka - Classic Car Restoration Center<\/title>\n<meta name=\"description\" content=\"M\u00e1te-li vozidlo, kter\u00e9 m\u00e1te v \u00famyslu restaurovat, r\u00e1di provedeme podrobnou kalkulaci prac\u00ed podle va\u0161ich p\u0159edstav.\" \/>\n<meta name=\"robots\" content=\"index, follow, max-snippet:-1, max-image-preview:large, max-video-preview:-1\" \/>\n<link rel=\"canonical\" href=\"https:\/\/classiccarrestorationcenter.com\/cs\/nabidka\/\" \/>\n<meta property=\"og:locale\" content=\"cs_CZ\" \/>\n<meta property=\"og:type\" content=\"article\" \/>\n<meta property=\"og:title\" content=\"Nab\u00eddka - Classic Car Restoration Center\" \/>\n<meta property=\"og:description\" content=\"M\u00e1te-li vozidlo, kter\u00e9 m\u00e1te v \u00famyslu restaurovat, r\u00e1di provedeme podrobnou kalkulaci prac\u00ed podle va\u0161ich p\u0159edstav.\" \/>\n<meta property=\"og:url\" content=\"https:\/\/classiccarrestorationcenter.com\/cs\/nabidka\/\" \/>\n<meta property=\"og:site_name\" content=\"Classic Car Restoration Center\" \/>\n<meta property=\"article:modified_time\" content=\"2014-09-30T16:20:40+00:00\" \/>\n<script type=\"application\/ld+json\" class=\"yoast-schema-graph\">{\"@context\":\"https:\/\/schema.org\",\"@graph\":[{\"@type\":\"WebPage\",\"@id\":\"https:\/\/classiccarrestorationcenter.com\/cs\/nabidka\/\",\"url\":\"https:\/\/classiccarrestorationcenter.com\/cs\/nabidka\/\",\"name\":\"Nab\u00eddka - Classic Car Restoration Center\",\"isPartOf\":{\"@id\":\"https:\/\/classiccarrestorationcenter.com\/#website\"},\"datePublished\":\"2014-09-30T16:20:15+00:00\",\"dateModified\":\"2014-09-30T16:20:40+00:00\",\"description\":\"M\u00e1te-li vozidlo, kter\u00e9 m\u00e1te v \u00famyslu restaurovat, r\u00e1di provedeme podrobnou kalkulaci prac\u00ed podle va\u0161ich p\u0159edstav.\",\"breadcrumb\":{\"@id\":\"https:\/\/classiccarrestorationcenter.com\/cs\/nabidka\/#breadcrumb\"},\"inLanguage\":\"cs\",\"potentialAction\":[{\"@type\":\"ReadAction\",\"target\":[\"https:\/\/classiccarrestorationcenter.com\/cs\/nabidka\/\"]}]},{\"@type\":\"BreadcrumbList\",\"@id\":\"https:\/\/classiccarrestorationcenter.com\/cs\/nabidka\/#breadcrumb\",\"itemListElement\":[{\"@type\":\"ListItem\",\"position\":1,\"name\":\"Strona g\u0142\u00f3wna\",\"item\":\"https:\/\/classiccarrestorationcenter.com\/cs\/\"},{\"@type\":\"ListItem\",\"position\":2,\"name\":\"Nab\u00eddka\"}]},{\"@type\":\"WebSite\",\"@id\":\"https:\/\/classiccarrestorationcenter.com\/#website\",\"url\":\"https:\/\/classiccarrestorationcenter.com\/\",\"name\":\"Classic Car Restoration Center\",\"description\":\"Restauracja samochod\u00f3w klasycznych i zabytkowych. Specjalizacja: Alfa Romeo\",\"potentialAction\":[{\"@type\":\"SearchAction\",\"target\":{\"@type\":\"EntryPoint\",\"urlTemplate\":\"https:\/\/classiccarrestorationcenter.com\/?s={search_term_string}\"},\"query-input\":\"required name=search_term_string\"}],\"inLanguage\":\"cs\"}]}<\/script>\n<!-- \/ Yoast SEO plugin. -->","yoast_head_json":{"title":"Nab\u00eddka - Classic Car Restoration Center","description":"M\u00e1te-li vozidlo, kter\u00e9 m\u00e1te v \u00famyslu restaurovat, r\u00e1di provedeme podrobnou kalkulaci prac\u00ed podle va\u0161ich p\u0159edstav.","robots":{"index":"index","follow":"follow","max-snippet":"max-snippet:-1","max-image-preview":"max-image-preview:large","max-video-preview":"max-video-preview:-1"},"canonical":"https:\/\/classiccarrestorationcenter.com\/cs\/nabidka\/","og_locale":"cs_CZ","og_type":"article","og_title":"Nab\u00eddka - Classic Car Restoration Center","og_description":"M\u00e1te-li vozidlo, kter\u00e9 m\u00e1te v \u00famyslu restaurovat, r\u00e1di provedeme podrobnou kalkulaci prac\u00ed podle va\u0161ich p\u0159edstav.","og_url":"https:\/\/classiccarrestorationcenter.com\/cs\/nabidka\/","og_site_name":"Classic Car Restoration Center","article_modified_time":"2014-09-30T16:20:40+00:00","schema":{"@context":"https:\/\/schema.org","@graph":[{"@type":"WebPage","@id":"https:\/\/classiccarrestorationcenter.com\/cs\/nabidka\/","url":"https:\/\/classiccarrestorationcenter.com\/cs\/nabidka\/","name":"Nab\u00eddka - Classic Car Restoration Center","isPartOf":{"@id":"https:\/\/classiccarrestorationcenter.com\/#website"},"datePublished":"2014-09-30T16:20:15+00:00","dateModified":"2014-09-30T16:20:40+00:00","description":"M\u00e1te-li vozidlo, kter\u00e9 m\u00e1te v \u00famyslu restaurovat, r\u00e1di provedeme podrobnou kalkulaci prac\u00ed podle va\u0161ich p\u0159edstav.","breadcrumb":{"@id":"https:\/\/classiccarrestorationcenter.com\/cs\/nabidka\/#breadcrumb"},"inLanguage":"cs","potentialAction":[{"@type":"ReadAction","target":["https:\/\/classiccarrestorationcenter.com\/cs\/nabidka\/"]}]},{"@type":"BreadcrumbList","@id":"https:\/\/classiccarrestorationcenter.com\/cs\/nabidka\/#breadcrumb","itemListElement":[{"@type":"ListItem","position":1,"name":"Strona g\u0142\u00f3wna","item":"https:\/\/classiccarrestorationcenter.com\/cs\/"},{"@type":"ListItem","position":2,"name":"Nab\u00eddka"}]},{"@type":"WebSite","@id":"https:\/\/classiccarrestorationcenter.com\/#website","url":"https:\/\/classiccarrestorationcenter.com\/","name":"Classic Car Restoration Center","description":"Restauracja samochod\u00f3w klasycznych i zabytkowych. Specjalizacja: Alfa Romeo","potentialAction":[{"@type":"SearchAction","target":{"@type":"EntryPoint","urlTemplate":"https:\/\/classiccarrestorationcenter.com\/?s={search_term_string}"},"query-input":"required name=search_term_string"}],"inLanguage":"cs"}]}},"_links":{"self":[{"href":"https:\/\/classiccarrestorationcenter.com\/cs\/wp-json\/wp\/v2\/pages\/626"}],"collection":[{"href":"https:\/\/classiccarrestorationcenter.com\/cs\/wp-json\/wp\/v2\/pages"}],"about":[{"href":"https:\/\/classiccarrestorationcenter.com\/cs\/wp-json\/wp\/v2\/types\/page"}],"author":[{"embeddable":true,"href":"https:\/\/classiccarrestorationcenter.com\/cs\/wp-json\/wp\/v2\/users\/1"}],"replies":[{"embeddable":true,"href":"https:\/\/classiccarrestorationcenter.com\/cs\/wp-json\/wp\/v2\/comments?post=626"}],"version-history":[{"count":0,"href":"https:\/\/classiccarrestorationcenter.com\/cs\/wp-json\/wp\/v2\/pages\/626\/revisions"}],"wp:attachment":[{"href":"https:\/\/classiccarrestorationcenter.com\/cs\/wp-json\/wp\/v2\/media?parent=626"}],"curies":[{"name":"wp","href":"https:\/\/api.w.org\/{rel}","templated":true}]}}