{"id":644,"date":"2014-09-11T13:37:44","date_gmt":"2014-09-11T13:37:44","guid":{"rendered":"http:\/\/classiccarrestorationcenter.com\/ubezpieczenie-2\/"},"modified":"2014-09-30T16:54:05","modified_gmt":"2014-09-30T16:54:05","slug":"pojisteni","status":"publish","type":"page","link":"https:\/\/classiccarrestorationcenter.com\/cs\/pojisteni\/","title":{"rendered":"Poji\u0161t\u011bn\u00ed"},"content":{"rendered":"","protected":false},"excerpt":{"rendered":"","protected":false},"author":1,"featured_media":0,"parent":0,"menu_order":0,"comment_status":"open","ping_status":"open","template":"","meta":[],"yoast_head":"<!-- This site is optimized with the Yoast SEO plugin v19.11 - https:\/\/yoast.com\/wordpress\/plugins\/seo\/ -->\n<title>Poji\u0161t\u011bn\u00ed - Classic Car Restoration Center<\/title>\n<meta name=\"description\" content=\"Spole\u010dnost Classic Car Restoration Center je poji\u0161t\u011bna proti odpov\u011bdnosti za \u0161kodu, kter\u00e9 se vztahuje tak\u00e9 na slu\u017eby prov\u00e1d\u011bn\u00e9 firmami, kter\u00e9 s n\u00e1mi spolupracuj\u00ed.\" \/>\n<meta name=\"robots\" content=\"index, follow, max-snippet:-1, max-image-preview:large, max-video-preview:-1\" \/>\n<link rel=\"canonical\" href=\"https:\/\/classiccarrestorationcenter.com\/cs\/pojisteni\/\" \/>\n<meta property=\"og:locale\" content=\"cs_CZ\" \/>\n<meta property=\"og:type\" content=\"article\" \/>\n<meta property=\"og:title\" content=\"Poji\u0161t\u011bn\u00ed - Classic Car Restoration Center\" \/>\n<meta property=\"og:description\" content=\"Spole\u010dnost Classic Car Restoration Center je poji\u0161t\u011bna proti odpov\u011bdnosti za \u0161kodu, kter\u00e9 se vztahuje tak\u00e9 na slu\u017eby prov\u00e1d\u011bn\u00e9 firmami, kter\u00e9 s n\u00e1mi spolupracuj\u00ed.\" \/>\n<meta property=\"og:url\" content=\"https:\/\/classiccarrestorationcenter.com\/cs\/pojisteni\/\" \/>\n<meta property=\"og:site_name\" content=\"Classic Car Restoration Center\" \/>\n<meta property=\"article:modified_time\" content=\"2014-09-30T16:54:05+00:00\" \/>\n<script type=\"application\/ld+json\" class=\"yoast-schema-graph\">{\"@context\":\"https:\/\/schema.org\",\"@graph\":[{\"@type\":\"WebPage\",\"@id\":\"https:\/\/classiccarrestorationcenter.com\/cs\/pojisteni\/\",\"url\":\"https:\/\/classiccarrestorationcenter.com\/cs\/pojisteni\/\",\"name\":\"Poji\u0161t\u011bn\u00ed - Classic Car Restoration Center\",\"isPartOf\":{\"@id\":\"https:\/\/classiccarrestorationcenter.com\/#website\"},\"datePublished\":\"2014-09-11T13:37:44+00:00\",\"dateModified\":\"2014-09-30T16:54:05+00:00\",\"description\":\"Spole\u010dnost Classic Car Restoration Center je poji\u0161t\u011bna proti odpov\u011bdnosti za \u0161kodu, kter\u00e9 se vztahuje tak\u00e9 na slu\u017eby prov\u00e1d\u011bn\u00e9 firmami, kter\u00e9 s n\u00e1mi spolupracuj\u00ed.\",\"breadcrumb\":{\"@id\":\"https:\/\/classiccarrestorationcenter.com\/cs\/pojisteni\/#breadcrumb\"},\"inLanguage\":\"cs\",\"potentialAction\":[{\"@type\":\"ReadAction\",\"target\":[\"https:\/\/classiccarrestorationcenter.com\/cs\/pojisteni\/\"]}]},{\"@type\":\"BreadcrumbList\",\"@id\":\"https:\/\/classiccarrestorationcenter.com\/cs\/pojisteni\/#breadcrumb\",\"itemListElement\":[{\"@type\":\"ListItem\",\"position\":1,\"name\":\"Strona g\u0142\u00f3wna\",\"item\":\"https:\/\/classiccarrestorationcenter.com\/cs\/\"},{\"@type\":\"ListItem\",\"position\":2,\"name\":\"Poji\u0161t\u011bn\u00ed\"}]},{\"@type\":\"WebSite\",\"@id\":\"https:\/\/classiccarrestorationcenter.com\/#website\",\"url\":\"https:\/\/classiccarrestorationcenter.com\/\",\"name\":\"Classic Car Restoration Center\",\"description\":\"Restauracja samochod\u00f3w klasycznych i zabytkowych. Specjalizacja: Alfa Romeo\",\"potentialAction\":[{\"@type\":\"SearchAction\",\"target\":{\"@type\":\"EntryPoint\",\"urlTemplate\":\"https:\/\/classiccarrestorationcenter.com\/?s={search_term_string}\"},\"query-input\":\"required name=search_term_string\"}],\"inLanguage\":\"cs\"}]}<\/script>\n<!-- \/ Yoast SEO plugin. -->","yoast_head_json":{"title":"Poji\u0161t\u011bn\u00ed - Classic Car Restoration Center","description":"Spole\u010dnost Classic Car Restoration Center je poji\u0161t\u011bna proti odpov\u011bdnosti za \u0161kodu, kter\u00e9 se vztahuje tak\u00e9 na slu\u017eby prov\u00e1d\u011bn\u00e9 firmami, kter\u00e9 s n\u00e1mi spolupracuj\u00ed.","robots":{"index":"index","follow":"follow","max-snippet":"max-snippet:-1","max-image-preview":"max-image-preview:large","max-video-preview":"max-video-preview:-1"},"canonical":"https:\/\/classiccarrestorationcenter.com\/cs\/pojisteni\/","og_locale":"cs_CZ","og_type":"article","og_title":"Poji\u0161t\u011bn\u00ed - Classic Car Restoration Center","og_description":"Spole\u010dnost Classic Car Restoration Center je poji\u0161t\u011bna proti odpov\u011bdnosti za \u0161kodu, kter\u00e9 se vztahuje tak\u00e9 na slu\u017eby prov\u00e1d\u011bn\u00e9 firmami, kter\u00e9 s n\u00e1mi spolupracuj\u00ed.","og_url":"https:\/\/classiccarrestorationcenter.com\/cs\/pojisteni\/","og_site_name":"Classic Car Restoration Center","article_modified_time":"2014-09-30T16:54:05+00:00","schema":{"@context":"https:\/\/schema.org","@graph":[{"@type":"WebPage","@id":"https:\/\/classiccarrestorationcenter.com\/cs\/pojisteni\/","url":"https:\/\/classiccarrestorationcenter.com\/cs\/pojisteni\/","name":"Poji\u0161t\u011bn\u00ed - Classic Car Restoration Center","isPartOf":{"@id":"https:\/\/classiccarrestorationcenter.com\/#website"},"datePublished":"2014-09-11T13:37:44+00:00","dateModified":"2014-09-30T16:54:05+00:00","description":"Spole\u010dnost Classic Car Restoration Center je poji\u0161t\u011bna proti odpov\u011bdnosti za \u0161kodu, kter\u00e9 se vztahuje tak\u00e9 na slu\u017eby prov\u00e1d\u011bn\u00e9 firmami, kter\u00e9 s n\u00e1mi spolupracuj\u00ed.","breadcrumb":{"@id":"https:\/\/classiccarrestorationcenter.com\/cs\/pojisteni\/#breadcrumb"},"inLanguage":"cs","potentialAction":[{"@type":"ReadAction","target":["https:\/\/classiccarrestorationcenter.com\/cs\/pojisteni\/"]}]},{"@type":"BreadcrumbList","@id":"https:\/\/classiccarrestorationcenter.com\/cs\/pojisteni\/#breadcrumb","itemListElement":[{"@type":"ListItem","position":1,"name":"Strona g\u0142\u00f3wna","item":"https:\/\/classiccarrestorationcenter.com\/cs\/"},{"@type":"ListItem","position":2,"name":"Poji\u0161t\u011bn\u00ed"}]},{"@type":"WebSite","@id":"https:\/\/classiccarrestorationcenter.com\/#website","url":"https:\/\/classiccarrestorationcenter.com\/","name":"Classic Car Restoration Center","description":"Restauracja samochod\u00f3w klasycznych i zabytkowych. Specjalizacja: Alfa Romeo","potentialAction":[{"@type":"SearchAction","target":{"@type":"EntryPoint","urlTemplate":"https:\/\/classiccarrestorationcenter.com\/?s={search_term_string}"},"query-input":"required name=search_term_string"}],"inLanguage":"cs"}]}},"_links":{"self":[{"href":"https:\/\/classiccarrestorationcenter.com\/cs\/wp-json\/wp\/v2\/pages\/644"}],"collection":[{"href":"https:\/\/classiccarrestorationcenter.com\/cs\/wp-json\/wp\/v2\/pages"}],"about":[{"href":"https:\/\/classiccarrestorationcenter.com\/cs\/wp-json\/wp\/v2\/types\/page"}],"author":[{"embeddable":true,"href":"https:\/\/classiccarrestorationcenter.com\/cs\/wp-json\/wp\/v2\/users\/1"}],"replies":[{"embeddable":true,"href":"https:\/\/classiccarrestorationcenter.com\/cs\/wp-json\/wp\/v2\/comments?post=644"}],"version-history":[{"count":0,"href":"https:\/\/classiccarrestorationcenter.com\/cs\/wp-json\/wp\/v2\/pages\/644\/revisions"}],"wp:attachment":[{"href":"https:\/\/classiccarrestorationcenter.com\/cs\/wp-json\/wp\/v2\/media?parent=644"}],"curies":[{"name":"wp","href":"https:\/\/api.w.org\/{rel}","templated":true}]}}