{"id":666,"date":"2014-09-11T13:14:14","date_gmt":"2014-09-11T13:14:14","guid":{"rendered":"http:\/\/classiccarrestorationcenter.com\/strona-glowna-2\/"},"modified":"2018-11-29T13:57:28","modified_gmt":"2018-11-29T13:57:28","slug":"strona-glowna","status":"publish","type":"page","link":"https:\/\/classiccarrestorationcenter.com\/cs\/","title":{"rendered":"Homepage"},"content":{"rendered":"","protected":false},"excerpt":{"rendered":"","protected":false},"author":1,"featured_media":0,"parent":0,"menu_order":0,"comment_status":"open","ping_status":"open","template":"","meta":[],"yoast_head":"<!-- This site is optimized with the Yoast SEO plugin v19.11 - https:\/\/yoast.com\/wordpress\/plugins\/seo\/ -->\n<title>Renowacja samochod\u00f3w klasycznych i zabytkowych \u2013 Classic Car Restoration Center<\/title>\n<meta name=\"description\" content=\"Restaurace klasick\u00fdch automobil\u016f a veter\u00e1n\u016f. Specializujeme se na vozidla zna\u010dky Alfa Romeo, Saab, Fiat, Porsche, Jaguar, Triumph a Mercedes.\" \/>\n<meta name=\"robots\" content=\"index, follow, max-snippet:-1, max-image-preview:large, max-video-preview:-1\" \/>\n<link rel=\"canonical\" href=\"https:\/\/classiccarrestorationcenter.com\/cs\/\" \/>\n<meta property=\"og:locale\" content=\"cs_CZ\" \/>\n<meta property=\"og:type\" content=\"article\" \/>\n<meta property=\"og:title\" content=\"Renowacja samochod\u00f3w klasycznych i zabytkowych \u2013 Classic Car Restoration Center\" \/>\n<meta property=\"og:description\" content=\"Restaurace klasick\u00fdch automobil\u016f a veter\u00e1n\u016f. Specializujeme se na vozidla zna\u010dky Alfa Romeo, Saab, Fiat, Porsche, Jaguar, Triumph a Mercedes.\" \/>\n<meta property=\"og:url\" content=\"https:\/\/classiccarrestorationcenter.com\/cs\/\" \/>\n<meta property=\"og:site_name\" content=\"Classic Car Restoration Center\" \/>\n<meta property=\"article:modified_time\" content=\"2018-11-29T13:57:28+00:00\" \/>\n<script type=\"application\/ld+json\" class=\"yoast-schema-graph\">{\"@context\":\"https:\/\/schema.org\",\"@graph\":[{\"@type\":\"WebPage\",\"@id\":\"https:\/\/classiccarrestorationcenter.com\/cs\/\",\"url\":\"https:\/\/classiccarrestorationcenter.com\/cs\/\",\"name\":\"Renowacja samochod\u00f3w klasycznych i zabytkowych \u2013 Classic Car Restoration Center\",\"isPartOf\":{\"@id\":\"https:\/\/classiccarrestorationcenter.com\/#website\"},\"datePublished\":\"2014-09-11T13:14:14+00:00\",\"dateModified\":\"2018-11-29T13:57:28+00:00\",\"description\":\"Restaurace klasick\u00fdch automobil\u016f a veter\u00e1n\u016f. Specializujeme se na vozidla zna\u010dky Alfa Romeo, Saab, Fiat, Porsche, Jaguar, Triumph a Mercedes.\",\"breadcrumb\":{\"@id\":\"https:\/\/classiccarrestorationcenter.com\/cs\/#breadcrumb\"},\"inLanguage\":\"cs\",\"potentialAction\":[{\"@type\":\"ReadAction\",\"target\":[\"https:\/\/classiccarrestorationcenter.com\/cs\/\"]}]},{\"@type\":\"BreadcrumbList\",\"@id\":\"https:\/\/classiccarrestorationcenter.com\/cs\/#breadcrumb\",\"itemListElement\":[{\"@type\":\"ListItem\",\"position\":1,\"name\":\"Strona g\u0142\u00f3wna\",\"item\":\"https:\/\/classiccarrestorationcenter.com\/cs\/\"},{\"@type\":\"ListItem\",\"position\":2,\"name\":\"Homepage\"}]},{\"@type\":\"WebSite\",\"@id\":\"https:\/\/classiccarrestorationcenter.com\/#website\",\"url\":\"https:\/\/classiccarrestorationcenter.com\/\",\"name\":\"Classic Car Restoration Center\",\"description\":\"Restauracja samochod\u00f3w klasycznych i zabytkowych. Specjalizacja: Alfa Romeo\",\"potentialAction\":[{\"@type\":\"SearchAction\",\"target\":{\"@type\":\"EntryPoint\",\"urlTemplate\":\"https:\/\/classiccarrestorationcenter.com\/?s={search_term_string}\"},\"query-input\":\"required name=search_term_string\"}],\"inLanguage\":\"cs\"}]}<\/script>\n<!-- \/ Yoast SEO plugin. -->","yoast_head_json":{"title":"Renowacja samochod\u00f3w klasycznych i zabytkowych \u2013 Classic Car Restoration Center","description":"Restaurace klasick\u00fdch automobil\u016f a veter\u00e1n\u016f. Specializujeme se na vozidla zna\u010dky Alfa Romeo, Saab, Fiat, Porsche, Jaguar, Triumph a Mercedes.","robots":{"index":"index","follow":"follow","max-snippet":"max-snippet:-1","max-image-preview":"max-image-preview:large","max-video-preview":"max-video-preview:-1"},"canonical":"https:\/\/classiccarrestorationcenter.com\/cs\/","og_locale":"cs_CZ","og_type":"article","og_title":"Renowacja samochod\u00f3w klasycznych i zabytkowych \u2013 Classic Car Restoration Center","og_description":"Restaurace klasick\u00fdch automobil\u016f a veter\u00e1n\u016f. Specializujeme se na vozidla zna\u010dky Alfa Romeo, Saab, Fiat, Porsche, Jaguar, Triumph a Mercedes.","og_url":"https:\/\/classiccarrestorationcenter.com\/cs\/","og_site_name":"Classic Car Restoration Center","article_modified_time":"2018-11-29T13:57:28+00:00","schema":{"@context":"https:\/\/schema.org","@graph":[{"@type":"WebPage","@id":"https:\/\/classiccarrestorationcenter.com\/cs\/","url":"https:\/\/classiccarrestorationcenter.com\/cs\/","name":"Renowacja samochod\u00f3w klasycznych i zabytkowych \u2013 Classic Car Restoration Center","isPartOf":{"@id":"https:\/\/classiccarrestorationcenter.com\/#website"},"datePublished":"2014-09-11T13:14:14+00:00","dateModified":"2018-11-29T13:57:28+00:00","description":"Restaurace klasick\u00fdch automobil\u016f a veter\u00e1n\u016f. Specializujeme se na vozidla zna\u010dky Alfa Romeo, Saab, Fiat, Porsche, Jaguar, Triumph a Mercedes.","breadcrumb":{"@id":"https:\/\/classiccarrestorationcenter.com\/cs\/#breadcrumb"},"inLanguage":"cs","potentialAction":[{"@type":"ReadAction","target":["https:\/\/classiccarrestorationcenter.com\/cs\/"]}]},{"@type":"BreadcrumbList","@id":"https:\/\/classiccarrestorationcenter.com\/cs\/#breadcrumb","itemListElement":[{"@type":"ListItem","position":1,"name":"Strona g\u0142\u00f3wna","item":"https:\/\/classiccarrestorationcenter.com\/cs\/"},{"@type":"ListItem","position":2,"name":"Homepage"}]},{"@type":"WebSite","@id":"https:\/\/classiccarrestorationcenter.com\/#website","url":"https:\/\/classiccarrestorationcenter.com\/","name":"Classic Car Restoration Center","description":"Restauracja samochod\u00f3w klasycznych i zabytkowych. Specjalizacja: Alfa Romeo","potentialAction":[{"@type":"SearchAction","target":{"@type":"EntryPoint","urlTemplate":"https:\/\/classiccarrestorationcenter.com\/?s={search_term_string}"},"query-input":"required name=search_term_string"}],"inLanguage":"cs"}]}},"_links":{"self":[{"href":"https:\/\/classiccarrestorationcenter.com\/cs\/wp-json\/wp\/v2\/pages\/666"}],"collection":[{"href":"https:\/\/classiccarrestorationcenter.com\/cs\/wp-json\/wp\/v2\/pages"}],"about":[{"href":"https:\/\/classiccarrestorationcenter.com\/cs\/wp-json\/wp\/v2\/types\/page"}],"author":[{"embeddable":true,"href":"https:\/\/classiccarrestorationcenter.com\/cs\/wp-json\/wp\/v2\/users\/1"}],"replies":[{"embeddable":true,"href":"https:\/\/classiccarrestorationcenter.com\/cs\/wp-json\/wp\/v2\/comments?post=666"}],"version-history":[{"count":2,"href":"https:\/\/classiccarrestorationcenter.com\/cs\/wp-json\/wp\/v2\/pages\/666\/revisions"}],"predecessor-version":[{"id":34567,"href":"https:\/\/classiccarrestorationcenter.com\/cs\/wp-json\/wp\/v2\/pages\/666\/revisions\/34567"}],"wp:attachment":[{"href":"https:\/\/classiccarrestorationcenter.com\/cs\/wp-json\/wp\/v2\/media?parent=666"}],"curies":[{"name":"wp","href":"https:\/\/api.w.org\/{rel}","templated":true}]}}