{"id":391,"date":"2014-09-11T13:40:02","date_gmt":"2014-09-11T13:40:02","guid":{"rendered":"http:\/\/classiccarrestorationcenter.com\/samochody-2\/"},"modified":"2016-12-26T16:58:44","modified_gmt":"2016-12-26T16:58:44","slug":"samochody","status":"publish","type":"page","link":"https:\/\/classiccarrestorationcenter.com\/de\/samochody\/","title":{"rendered":"Autos"},"content":{"rendered":"","protected":false},"excerpt":{"rendered":"","protected":false},"author":1,"featured_media":0,"parent":0,"menu_order":0,"comment_status":"open","ping_status":"open","template":"template-portfolio.php","meta":[],"yoast_head":"<!-- This site is optimized with the Yoast SEO plugin v19.11 - https:\/\/yoast.com\/wordpress\/plugins\/seo\/ -->\n<title>Autos - Classic Car Restoration Center<\/title>\n<meta name=\"description\" content=\"Wykonali\u015bmy wiele projekt\u00f3w kompletnych restauracji aut zabytkowych - dysponujemy wiedz\u0105 i umiej\u0119tno\u015bciami pozwalaj\u0105cymi nam naprawi\u0107 i odrestaurowa\u0107 wi\u0119kszo\u015b\u0107 aut klasycznych.\" \/>\n<meta name=\"robots\" content=\"index, follow, max-snippet:-1, max-image-preview:large, max-video-preview:-1\" \/>\n<link rel=\"canonical\" href=\"https:\/\/classiccarrestorationcenter.com\/de\/samochody\/\" \/>\n<meta property=\"og:locale\" content=\"de_DE\" \/>\n<meta property=\"og:type\" content=\"article\" \/>\n<meta property=\"og:title\" content=\"Autos - Classic Car Restoration Center\" \/>\n<meta property=\"og:description\" content=\"Wykonali\u015bmy wiele projekt\u00f3w kompletnych restauracji aut zabytkowych - dysponujemy wiedz\u0105 i umiej\u0119tno\u015bciami pozwalaj\u0105cymi nam naprawi\u0107 i odrestaurowa\u0107 wi\u0119kszo\u015b\u0107 aut klasycznych.\" \/>\n<meta property=\"og:url\" content=\"https:\/\/classiccarrestorationcenter.com\/de\/samochody\/\" \/>\n<meta property=\"og:site_name\" content=\"Classic Car Restoration Center\" \/>\n<meta property=\"article:modified_time\" content=\"2016-12-26T16:58:44+00:00\" \/>\n<script type=\"application\/ld+json\" class=\"yoast-schema-graph\">{\"@context\":\"https:\/\/schema.org\",\"@graph\":[{\"@type\":\"WebPage\",\"@id\":\"https:\/\/classiccarrestorationcenter.com\/de\/samochody\/\",\"url\":\"https:\/\/classiccarrestorationcenter.com\/de\/samochody\/\",\"name\":\"Autos - Classic Car Restoration Center\",\"isPartOf\":{\"@id\":\"https:\/\/classiccarrestorationcenter.com\/#website\"},\"datePublished\":\"2014-09-11T13:40:02+00:00\",\"dateModified\":\"2016-12-26T16:58:44+00:00\",\"description\":\"Wykonali\u015bmy wiele projekt\u00f3w kompletnych restauracji aut zabytkowych - dysponujemy wiedz\u0105 i umiej\u0119tno\u015bciami pozwalaj\u0105cymi nam naprawi\u0107 i odrestaurowa\u0107 wi\u0119kszo\u015b\u0107 aut klasycznych.\",\"breadcrumb\":{\"@id\":\"https:\/\/classiccarrestorationcenter.com\/de\/samochody\/#breadcrumb\"},\"inLanguage\":\"de-DE\",\"potentialAction\":[{\"@type\":\"ReadAction\",\"target\":[\"https:\/\/classiccarrestorationcenter.com\/de\/samochody\/\"]}]},{\"@type\":\"BreadcrumbList\",\"@id\":\"https:\/\/classiccarrestorationcenter.com\/de\/samochody\/#breadcrumb\",\"itemListElement\":[{\"@type\":\"ListItem\",\"position\":1,\"name\":\"Strona g\u0142\u00f3wna\",\"item\":\"https:\/\/classiccarrestorationcenter.com\/de\/\"},{\"@type\":\"ListItem\",\"position\":2,\"name\":\"Autos\"}]},{\"@type\":\"WebSite\",\"@id\":\"https:\/\/classiccarrestorationcenter.com\/#website\",\"url\":\"https:\/\/classiccarrestorationcenter.com\/\",\"name\":\"Classic Car Restoration Center\",\"description\":\"Restauracja samochod\u00f3w klasycznych i zabytkowych. Specjalizacja: Alfa Romeo\",\"potentialAction\":[{\"@type\":\"SearchAction\",\"target\":{\"@type\":\"EntryPoint\",\"urlTemplate\":\"https:\/\/classiccarrestorationcenter.com\/?s={search_term_string}\"},\"query-input\":\"required name=search_term_string\"}],\"inLanguage\":\"de-DE\"}]}<\/script>\n<!-- \/ Yoast SEO plugin. -->","yoast_head_json":{"title":"Autos - Classic Car Restoration Center","description":"Wykonali\u015bmy wiele projekt\u00f3w kompletnych restauracji aut zabytkowych - dysponujemy wiedz\u0105 i umiej\u0119tno\u015bciami pozwalaj\u0105cymi nam naprawi\u0107 i odrestaurowa\u0107 wi\u0119kszo\u015b\u0107 aut klasycznych.","robots":{"index":"index","follow":"follow","max-snippet":"max-snippet:-1","max-image-preview":"max-image-preview:large","max-video-preview":"max-video-preview:-1"},"canonical":"https:\/\/classiccarrestorationcenter.com\/de\/samochody\/","og_locale":"de_DE","og_type":"article","og_title":"Autos - Classic Car Restoration Center","og_description":"Wykonali\u015bmy wiele projekt\u00f3w kompletnych restauracji aut zabytkowych - dysponujemy wiedz\u0105 i umiej\u0119tno\u015bciami pozwalaj\u0105cymi nam naprawi\u0107 i odrestaurowa\u0107 wi\u0119kszo\u015b\u0107 aut klasycznych.","og_url":"https:\/\/classiccarrestorationcenter.com\/de\/samochody\/","og_site_name":"Classic Car Restoration Center","article_modified_time":"2016-12-26T16:58:44+00:00","schema":{"@context":"https:\/\/schema.org","@graph":[{"@type":"WebPage","@id":"https:\/\/classiccarrestorationcenter.com\/de\/samochody\/","url":"https:\/\/classiccarrestorationcenter.com\/de\/samochody\/","name":"Autos - Classic Car Restoration Center","isPartOf":{"@id":"https:\/\/classiccarrestorationcenter.com\/#website"},"datePublished":"2014-09-11T13:40:02+00:00","dateModified":"2016-12-26T16:58:44+00:00","description":"Wykonali\u015bmy wiele projekt\u00f3w kompletnych restauracji aut zabytkowych - dysponujemy wiedz\u0105 i umiej\u0119tno\u015bciami pozwalaj\u0105cymi nam naprawi\u0107 i odrestaurowa\u0107 wi\u0119kszo\u015b\u0107 aut klasycznych.","breadcrumb":{"@id":"https:\/\/classiccarrestorationcenter.com\/de\/samochody\/#breadcrumb"},"inLanguage":"de-DE","potentialAction":[{"@type":"ReadAction","target":["https:\/\/classiccarrestorationcenter.com\/de\/samochody\/"]}]},{"@type":"BreadcrumbList","@id":"https:\/\/classiccarrestorationcenter.com\/de\/samochody\/#breadcrumb","itemListElement":[{"@type":"ListItem","position":1,"name":"Strona g\u0142\u00f3wna","item":"https:\/\/classiccarrestorationcenter.com\/de\/"},{"@type":"ListItem","position":2,"name":"Autos"}]},{"@type":"WebSite","@id":"https:\/\/classiccarrestorationcenter.com\/#website","url":"https:\/\/classiccarrestorationcenter.com\/","name":"Classic Car Restoration Center","description":"Restauracja samochod\u00f3w klasycznych i zabytkowych. Specjalizacja: Alfa Romeo","potentialAction":[{"@type":"SearchAction","target":{"@type":"EntryPoint","urlTemplate":"https:\/\/classiccarrestorationcenter.com\/?s={search_term_string}"},"query-input":"required name=search_term_string"}],"inLanguage":"de-DE"}]}},"_links":{"self":[{"href":"https:\/\/classiccarrestorationcenter.com\/de\/wp-json\/wp\/v2\/pages\/391"}],"collection":[{"href":"https:\/\/classiccarrestorationcenter.com\/de\/wp-json\/wp\/v2\/pages"}],"about":[{"href":"https:\/\/classiccarrestorationcenter.com\/de\/wp-json\/wp\/v2\/types\/page"}],"author":[{"embeddable":true,"href":"https:\/\/classiccarrestorationcenter.com\/de\/wp-json\/wp\/v2\/users\/1"}],"replies":[{"embeddable":true,"href":"https:\/\/classiccarrestorationcenter.com\/de\/wp-json\/wp\/v2\/comments?post=391"}],"version-history":[{"count":2,"href":"https:\/\/classiccarrestorationcenter.com\/de\/wp-json\/wp\/v2\/pages\/391\/revisions"}],"predecessor-version":[{"id":15876,"href":"https:\/\/classiccarrestorationcenter.com\/de\/wp-json\/wp\/v2\/pages\/391\/revisions\/15876"}],"wp:attachment":[{"href":"https:\/\/classiccarrestorationcenter.com\/de\/wp-json\/wp\/v2\/media?parent=391"}],"curies":[{"name":"wp","href":"https:\/\/api.w.org\/{rel}","templated":true}]}}