{"id":347,"date":"2014-09-11T13:15:41","date_gmt":"2014-09-11T13:15:41","guid":{"rendered":"http:\/\/classiccarrestorationcenter.com\/o-nas-2\/"},"modified":"2018-11-03T11:58:04","modified_gmt":"2018-11-03T11:58:04","slug":"o-nas","status":"publish","type":"page","link":"https:\/\/classiccarrestorationcenter.com\/ru\/o-nas\/","title":{"rendered":"\u041e \u043d\u0430\u0441"},"content":{"rendered":"","protected":false},"excerpt":{"rendered":"","protected":false},"author":1,"featured_media":0,"parent":0,"menu_order":0,"comment_status":"open","ping_status":"open","template":"","meta":[],"yoast_head":"<!-- This site is optimized with the Yoast SEO plugin v19.11 - https:\/\/yoast.com\/wordpress\/plugins\/seo\/ -->\n<title>\u041e \u043d\u0430\u0441 - Classic Car Restoration Center<\/title>\n<meta name=\"description\" content=\"Firma Classic Car Restoration Center zosta\u0142a za\u0142o\u017cona przez pasjonat\u00f3w starej motoryzacji. Ludzi, kt\u00f3rzy swoj\u0105 prac\u0119 traktuj\u0105 jak hobby.\" \/>\n<meta name=\"robots\" content=\"index, follow, max-snippet:-1, max-image-preview:large, max-video-preview:-1\" \/>\n<link rel=\"canonical\" href=\"https:\/\/classiccarrestorationcenter.com\/ru\/o-nas\/\" \/>\n<meta property=\"og:locale\" content=\"ru_RU\" \/>\n<meta property=\"og:type\" content=\"article\" \/>\n<meta property=\"og:title\" content=\"\u041e \u043d\u0430\u0441 - Classic Car Restoration Center\" \/>\n<meta property=\"og:description\" content=\"Firma Classic Car Restoration Center zosta\u0142a za\u0142o\u017cona przez pasjonat\u00f3w starej motoryzacji. Ludzi, kt\u00f3rzy swoj\u0105 prac\u0119 traktuj\u0105 jak hobby.\" \/>\n<meta property=\"og:url\" content=\"https:\/\/classiccarrestorationcenter.com\/ru\/o-nas\/\" \/>\n<meta property=\"og:site_name\" content=\"Classic Car Restoration Center\" \/>\n<meta property=\"article:modified_time\" content=\"2018-11-03T11:58:04+00:00\" \/>\n<script type=\"application\/ld+json\" class=\"yoast-schema-graph\">{\"@context\":\"https:\/\/schema.org\",\"@graph\":[{\"@type\":\"WebPage\",\"@id\":\"https:\/\/classiccarrestorationcenter.com\/ru\/o-nas\/\",\"url\":\"https:\/\/classiccarrestorationcenter.com\/ru\/o-nas\/\",\"name\":\"\u041e \u043d\u0430\u0441 - Classic Car Restoration Center\",\"isPartOf\":{\"@id\":\"https:\/\/classiccarrestorationcenter.com\/#website\"},\"datePublished\":\"2014-09-11T13:15:41+00:00\",\"dateModified\":\"2018-11-03T11:58:04+00:00\",\"description\":\"Firma Classic Car Restoration Center zosta\u0142a za\u0142o\u017cona przez pasjonat\u00f3w starej motoryzacji. Ludzi, kt\u00f3rzy swoj\u0105 prac\u0119 traktuj\u0105 jak hobby.\",\"breadcrumb\":{\"@id\":\"https:\/\/classiccarrestorationcenter.com\/ru\/o-nas\/#breadcrumb\"},\"inLanguage\":\"ru-RU\",\"potentialAction\":[{\"@type\":\"ReadAction\",\"target\":[\"https:\/\/classiccarrestorationcenter.com\/ru\/o-nas\/\"]}]},{\"@type\":\"BreadcrumbList\",\"@id\":\"https:\/\/classiccarrestorationcenter.com\/ru\/o-nas\/#breadcrumb\",\"itemListElement\":[{\"@type\":\"ListItem\",\"position\":1,\"name\":\"Strona g\u0142\u00f3wna\",\"item\":\"https:\/\/classiccarrestorationcenter.com\/ru\/\"},{\"@type\":\"ListItem\",\"position\":2,\"name\":\"\u041e \u043d\u0430\u0441\"}]},{\"@type\":\"WebSite\",\"@id\":\"https:\/\/classiccarrestorationcenter.com\/#website\",\"url\":\"https:\/\/classiccarrestorationcenter.com\/\",\"name\":\"Classic Car Restoration Center\",\"description\":\"Restauracja samochod\u00f3w klasycznych i zabytkowych. Specjalizacja: Alfa Romeo\",\"potentialAction\":[{\"@type\":\"SearchAction\",\"target\":{\"@type\":\"EntryPoint\",\"urlTemplate\":\"https:\/\/classiccarrestorationcenter.com\/?s={search_term_string}\"},\"query-input\":\"required name=search_term_string\"}],\"inLanguage\":\"ru-RU\"}]}<\/script>\n<!-- \/ Yoast SEO plugin. -->","yoast_head_json":{"title":"\u041e \u043d\u0430\u0441 - Classic Car Restoration Center","description":"Firma Classic Car Restoration Center zosta\u0142a za\u0142o\u017cona przez pasjonat\u00f3w starej motoryzacji. Ludzi, kt\u00f3rzy swoj\u0105 prac\u0119 traktuj\u0105 jak hobby.","robots":{"index":"index","follow":"follow","max-snippet":"max-snippet:-1","max-image-preview":"max-image-preview:large","max-video-preview":"max-video-preview:-1"},"canonical":"https:\/\/classiccarrestorationcenter.com\/ru\/o-nas\/","og_locale":"ru_RU","og_type":"article","og_title":"\u041e \u043d\u0430\u0441 - Classic Car Restoration Center","og_description":"Firma Classic Car Restoration Center zosta\u0142a za\u0142o\u017cona przez pasjonat\u00f3w starej motoryzacji. Ludzi, kt\u00f3rzy swoj\u0105 prac\u0119 traktuj\u0105 jak hobby.","og_url":"https:\/\/classiccarrestorationcenter.com\/ru\/o-nas\/","og_site_name":"Classic Car Restoration Center","article_modified_time":"2018-11-03T11:58:04+00:00","schema":{"@context":"https:\/\/schema.org","@graph":[{"@type":"WebPage","@id":"https:\/\/classiccarrestorationcenter.com\/ru\/o-nas\/","url":"https:\/\/classiccarrestorationcenter.com\/ru\/o-nas\/","name":"\u041e \u043d\u0430\u0441 - Classic Car Restoration Center","isPartOf":{"@id":"https:\/\/classiccarrestorationcenter.com\/#website"},"datePublished":"2014-09-11T13:15:41+00:00","dateModified":"2018-11-03T11:58:04+00:00","description":"Firma Classic Car Restoration Center zosta\u0142a za\u0142o\u017cona przez pasjonat\u00f3w starej motoryzacji. Ludzi, kt\u00f3rzy swoj\u0105 prac\u0119 traktuj\u0105 jak hobby.","breadcrumb":{"@id":"https:\/\/classiccarrestorationcenter.com\/ru\/o-nas\/#breadcrumb"},"inLanguage":"ru-RU","potentialAction":[{"@type":"ReadAction","target":["https:\/\/classiccarrestorationcenter.com\/ru\/o-nas\/"]}]},{"@type":"BreadcrumbList","@id":"https:\/\/classiccarrestorationcenter.com\/ru\/o-nas\/#breadcrumb","itemListElement":[{"@type":"ListItem","position":1,"name":"Strona g\u0142\u00f3wna","item":"https:\/\/classiccarrestorationcenter.com\/ru\/"},{"@type":"ListItem","position":2,"name":"\u041e \u043d\u0430\u0441"}]},{"@type":"WebSite","@id":"https:\/\/classiccarrestorationcenter.com\/#website","url":"https:\/\/classiccarrestorationcenter.com\/","name":"Classic Car Restoration Center","description":"Restauracja samochod\u00f3w klasycznych i zabytkowych. Specjalizacja: Alfa Romeo","potentialAction":[{"@type":"SearchAction","target":{"@type":"EntryPoint","urlTemplate":"https:\/\/classiccarrestorationcenter.com\/?s={search_term_string}"},"query-input":"required name=search_term_string"}],"inLanguage":"ru-RU"}]}},"_links":{"self":[{"href":"https:\/\/classiccarrestorationcenter.com\/ru\/wp-json\/wp\/v2\/pages\/347"}],"collection":[{"href":"https:\/\/classiccarrestorationcenter.com\/ru\/wp-json\/wp\/v2\/pages"}],"about":[{"href":"https:\/\/classiccarrestorationcenter.com\/ru\/wp-json\/wp\/v2\/types\/page"}],"author":[{"embeddable":true,"href":"https:\/\/classiccarrestorationcenter.com\/ru\/wp-json\/wp\/v2\/users\/1"}],"replies":[{"embeddable":true,"href":"https:\/\/classiccarrestorationcenter.com\/ru\/wp-json\/wp\/v2\/comments?post=347"}],"version-history":[{"count":1,"href":"https:\/\/classiccarrestorationcenter.com\/ru\/wp-json\/wp\/v2\/pages\/347\/revisions"}],"predecessor-version":[{"id":34560,"href":"https:\/\/classiccarrestorationcenter.com\/ru\/wp-json\/wp\/v2\/pages\/347\/revisions\/34560"}],"wp:attachment":[{"href":"https:\/\/classiccarrestorationcenter.com\/ru\/wp-json\/wp\/v2\/media?parent=347"}],"curies":[{"name":"wp","href":"https:\/\/api.w.org\/{rel}","templated":true}]}}