{"id":645,"date":"2014-09-11T13:37:44","date_gmt":"2014-09-11T13:37:44","guid":{"rendered":"http:\/\/classiccarrestorationcenter.com\/ubezpieczenie-2\/"},"modified":"2014-09-30T16:55:12","modified_gmt":"2014-09-30T16:55:12","slug":"poistenie","status":"publish","type":"page","link":"https:\/\/classiccarrestorationcenter.com\/sk\/poistenie\/","title":{"rendered":"Poistenie"},"content":{"rendered":"","protected":false},"excerpt":{"rendered":"","protected":false},"author":1,"featured_media":0,"parent":0,"menu_order":0,"comment_status":"open","ping_status":"open","template":"","meta":[],"yoast_head":"<!-- This site is optimized with the Yoast SEO plugin v19.11 - https:\/\/yoast.com\/wordpress\/plugins\/seo\/ -->\n<title>Poistenie - Classic Car Restoration Center<\/title>\n<meta name=\"description\" content=\"Spolo\u010dnos\u0165 Classic Car Restoration Center je poisten\u00e1 proti zodpovednosti za \u0161kodu, ktor\u00e1 sa vz\u0165ahuje aj na slu\u017eby poskytovan\u00e9 na\u0161imi obchodn\u00fdmi partnermi.\" \/>\n<meta name=\"robots\" content=\"index, follow, max-snippet:-1, max-image-preview:large, max-video-preview:-1\" \/>\n<link rel=\"canonical\" href=\"https:\/\/classiccarrestorationcenter.com\/sk\/poistenie\/\" \/>\n<meta property=\"og:locale\" content=\"sk_SK\" \/>\n<meta property=\"og:type\" content=\"article\" \/>\n<meta property=\"og:title\" content=\"Poistenie - Classic Car Restoration Center\" \/>\n<meta property=\"og:description\" content=\"Spolo\u010dnos\u0165 Classic Car Restoration Center je poisten\u00e1 proti zodpovednosti za \u0161kodu, ktor\u00e1 sa vz\u0165ahuje aj na slu\u017eby poskytovan\u00e9 na\u0161imi obchodn\u00fdmi partnermi.\" \/>\n<meta property=\"og:url\" content=\"https:\/\/classiccarrestorationcenter.com\/sk\/poistenie\/\" \/>\n<meta property=\"og:site_name\" content=\"Classic Car Restoration Center\" \/>\n<meta property=\"article:modified_time\" content=\"2014-09-30T16:55:12+00:00\" \/>\n<script type=\"application\/ld+json\" class=\"yoast-schema-graph\">{\"@context\":\"https:\/\/schema.org\",\"@graph\":[{\"@type\":\"WebPage\",\"@id\":\"https:\/\/classiccarrestorationcenter.com\/sk\/poistenie\/\",\"url\":\"https:\/\/classiccarrestorationcenter.com\/sk\/poistenie\/\",\"name\":\"Poistenie - Classic Car Restoration Center\",\"isPartOf\":{\"@id\":\"https:\/\/classiccarrestorationcenter.com\/#website\"},\"datePublished\":\"2014-09-11T13:37:44+00:00\",\"dateModified\":\"2014-09-30T16:55:12+00:00\",\"description\":\"Spolo\u010dnos\u0165 Classic Car Restoration Center je poisten\u00e1 proti zodpovednosti za \u0161kodu, ktor\u00e1 sa vz\u0165ahuje aj na slu\u017eby poskytovan\u00e9 na\u0161imi obchodn\u00fdmi partnermi.\",\"breadcrumb\":{\"@id\":\"https:\/\/classiccarrestorationcenter.com\/sk\/poistenie\/#breadcrumb\"},\"inLanguage\":\"sk-SK\",\"potentialAction\":[{\"@type\":\"ReadAction\",\"target\":[\"https:\/\/classiccarrestorationcenter.com\/sk\/poistenie\/\"]}]},{\"@type\":\"BreadcrumbList\",\"@id\":\"https:\/\/classiccarrestorationcenter.com\/sk\/poistenie\/#breadcrumb\",\"itemListElement\":[{\"@type\":\"ListItem\",\"position\":1,\"name\":\"Strona g\u0142\u00f3wna\",\"item\":\"https:\/\/classiccarrestorationcenter.com\/sk\/\"},{\"@type\":\"ListItem\",\"position\":2,\"name\":\"Poistenie\"}]},{\"@type\":\"WebSite\",\"@id\":\"https:\/\/classiccarrestorationcenter.com\/#website\",\"url\":\"https:\/\/classiccarrestorationcenter.com\/\",\"name\":\"Classic Car Restoration Center\",\"description\":\"Restauracja samochod\u00f3w klasycznych i zabytkowych. Specjalizacja: Alfa Romeo\",\"potentialAction\":[{\"@type\":\"SearchAction\",\"target\":{\"@type\":\"EntryPoint\",\"urlTemplate\":\"https:\/\/classiccarrestorationcenter.com\/?s={search_term_string}\"},\"query-input\":\"required name=search_term_string\"}],\"inLanguage\":\"sk-SK\"}]}<\/script>\n<!-- \/ Yoast SEO plugin. -->","yoast_head_json":{"title":"Poistenie - Classic Car Restoration Center","description":"Spolo\u010dnos\u0165 Classic Car Restoration Center je poisten\u00e1 proti zodpovednosti za \u0161kodu, ktor\u00e1 sa vz\u0165ahuje aj na slu\u017eby poskytovan\u00e9 na\u0161imi obchodn\u00fdmi partnermi.","robots":{"index":"index","follow":"follow","max-snippet":"max-snippet:-1","max-image-preview":"max-image-preview:large","max-video-preview":"max-video-preview:-1"},"canonical":"https:\/\/classiccarrestorationcenter.com\/sk\/poistenie\/","og_locale":"sk_SK","og_type":"article","og_title":"Poistenie - Classic Car Restoration Center","og_description":"Spolo\u010dnos\u0165 Classic Car Restoration Center je poisten\u00e1 proti zodpovednosti za \u0161kodu, ktor\u00e1 sa vz\u0165ahuje aj na slu\u017eby poskytovan\u00e9 na\u0161imi obchodn\u00fdmi partnermi.","og_url":"https:\/\/classiccarrestorationcenter.com\/sk\/poistenie\/","og_site_name":"Classic Car Restoration Center","article_modified_time":"2014-09-30T16:55:12+00:00","schema":{"@context":"https:\/\/schema.org","@graph":[{"@type":"WebPage","@id":"https:\/\/classiccarrestorationcenter.com\/sk\/poistenie\/","url":"https:\/\/classiccarrestorationcenter.com\/sk\/poistenie\/","name":"Poistenie - Classic Car Restoration Center","isPartOf":{"@id":"https:\/\/classiccarrestorationcenter.com\/#website"},"datePublished":"2014-09-11T13:37:44+00:00","dateModified":"2014-09-30T16:55:12+00:00","description":"Spolo\u010dnos\u0165 Classic Car Restoration Center je poisten\u00e1 proti zodpovednosti za \u0161kodu, ktor\u00e1 sa vz\u0165ahuje aj na slu\u017eby poskytovan\u00e9 na\u0161imi obchodn\u00fdmi partnermi.","breadcrumb":{"@id":"https:\/\/classiccarrestorationcenter.com\/sk\/poistenie\/#breadcrumb"},"inLanguage":"sk-SK","potentialAction":[{"@type":"ReadAction","target":["https:\/\/classiccarrestorationcenter.com\/sk\/poistenie\/"]}]},{"@type":"BreadcrumbList","@id":"https:\/\/classiccarrestorationcenter.com\/sk\/poistenie\/#breadcrumb","itemListElement":[{"@type":"ListItem","position":1,"name":"Strona g\u0142\u00f3wna","item":"https:\/\/classiccarrestorationcenter.com\/sk\/"},{"@type":"ListItem","position":2,"name":"Poistenie"}]},{"@type":"WebSite","@id":"https:\/\/classiccarrestorationcenter.com\/#website","url":"https:\/\/classiccarrestorationcenter.com\/","name":"Classic Car Restoration Center","description":"Restauracja samochod\u00f3w klasycznych i zabytkowych. Specjalizacja: Alfa Romeo","potentialAction":[{"@type":"SearchAction","target":{"@type":"EntryPoint","urlTemplate":"https:\/\/classiccarrestorationcenter.com\/?s={search_term_string}"},"query-input":"required name=search_term_string"}],"inLanguage":"sk-SK"}]}},"_links":{"self":[{"href":"https:\/\/classiccarrestorationcenter.com\/sk\/wp-json\/wp\/v2\/pages\/645"}],"collection":[{"href":"https:\/\/classiccarrestorationcenter.com\/sk\/wp-json\/wp\/v2\/pages"}],"about":[{"href":"https:\/\/classiccarrestorationcenter.com\/sk\/wp-json\/wp\/v2\/types\/page"}],"author":[{"embeddable":true,"href":"https:\/\/classiccarrestorationcenter.com\/sk\/wp-json\/wp\/v2\/users\/1"}],"replies":[{"embeddable":true,"href":"https:\/\/classiccarrestorationcenter.com\/sk\/wp-json\/wp\/v2\/comments?post=645"}],"version-history":[{"count":0,"href":"https:\/\/classiccarrestorationcenter.com\/sk\/wp-json\/wp\/v2\/pages\/645\/revisions"}],"wp:attachment":[{"href":"https:\/\/classiccarrestorationcenter.com\/sk\/wp-json\/wp\/v2\/media?parent=645"}],"curies":[{"name":"wp","href":"https:\/\/api.w.org\/{rel}","templated":true}]}}