{"id":667,"date":"2014-09-11T13:14:14","date_gmt":"2014-09-11T13:14:14","guid":{"rendered":"http:\/\/classiccarrestorationcenter.com\/strona-glowna-2\/"},"modified":"2018-11-29T14:05:33","modified_gmt":"2018-11-29T14:05:33","slug":"strona-glowna","status":"publish","type":"page","link":"https:\/\/classiccarrestorationcenter.com\/sk\/","title":{"rendered":"\u00davod"},"content":{"rendered":"","protected":false},"excerpt":{"rendered":"","protected":false},"author":1,"featured_media":0,"parent":0,"menu_order":0,"comment_status":"open","ping_status":"open","template":"","meta":[],"yoast_head":"<!-- This site is optimized with the Yoast SEO plugin v19.11 - https:\/\/yoast.com\/wordpress\/plugins\/seo\/ -->\n<title>Re\u0161taur\u00e1cia klasick\u00fdch automobilov a veter\u00e1nov \u2013 Classic Car Restoration Center<\/title>\n<meta name=\"description\" content=\"Re\u0161taur\u00e1cia klasick\u00fdch automobilov a veter\u00e1nov. \u0160pecializujeme sa na vozidl\u00e1 zna\u010dky Alfa Romeo, Saab, Fiat, Porsche, Jaguar, Triumph a Mercedes.\" \/>\n<meta name=\"robots\" content=\"index, follow, max-snippet:-1, max-image-preview:large, max-video-preview:-1\" \/>\n<link rel=\"canonical\" href=\"https:\/\/classiccarrestorationcenter.com\/sk\/\" \/>\n<meta property=\"og:locale\" content=\"sk_SK\" \/>\n<meta property=\"og:type\" content=\"article\" \/>\n<meta property=\"og:title\" content=\"Re\u0161taur\u00e1cia klasick\u00fdch automobilov a veter\u00e1nov \u2013 Classic Car Restoration Center\" \/>\n<meta property=\"og:description\" content=\"Re\u0161taur\u00e1cia klasick\u00fdch automobilov a veter\u00e1nov. \u0160pecializujeme sa na vozidl\u00e1 zna\u010dky Alfa Romeo, Saab, Fiat, Porsche, Jaguar, Triumph a Mercedes.\" \/>\n<meta property=\"og:url\" content=\"https:\/\/classiccarrestorationcenter.com\/sk\/\" \/>\n<meta property=\"og:site_name\" content=\"Classic Car Restoration Center\" \/>\n<meta property=\"article:modified_time\" content=\"2018-11-29T14:05:33+00:00\" \/>\n<script type=\"application\/ld+json\" class=\"yoast-schema-graph\">{\"@context\":\"https:\/\/schema.org\",\"@graph\":[{\"@type\":\"WebPage\",\"@id\":\"https:\/\/classiccarrestorationcenter.com\/sk\/\",\"url\":\"https:\/\/classiccarrestorationcenter.com\/sk\/\",\"name\":\"Re\u0161taur\u00e1cia klasick\u00fdch automobilov a veter\u00e1nov \u2013 Classic Car Restoration Center\",\"isPartOf\":{\"@id\":\"https:\/\/classiccarrestorationcenter.com\/#website\"},\"datePublished\":\"2014-09-11T13:14:14+00:00\",\"dateModified\":\"2018-11-29T14:05:33+00:00\",\"description\":\"Re\u0161taur\u00e1cia klasick\u00fdch automobilov a veter\u00e1nov. \u0160pecializujeme sa na vozidl\u00e1 zna\u010dky Alfa Romeo, Saab, Fiat, Porsche, Jaguar, Triumph a Mercedes.\",\"breadcrumb\":{\"@id\":\"https:\/\/classiccarrestorationcenter.com\/sk\/#breadcrumb\"},\"inLanguage\":\"sk-SK\",\"potentialAction\":[{\"@type\":\"ReadAction\",\"target\":[\"https:\/\/classiccarrestorationcenter.com\/sk\/\"]}]},{\"@type\":\"BreadcrumbList\",\"@id\":\"https:\/\/classiccarrestorationcenter.com\/sk\/#breadcrumb\",\"itemListElement\":[{\"@type\":\"ListItem\",\"position\":1,\"name\":\"Strona g\u0142\u00f3wna\",\"item\":\"https:\/\/classiccarrestorationcenter.com\/sk\/\"},{\"@type\":\"ListItem\",\"position\":2,\"name\":\"\u00davod\"}]},{\"@type\":\"WebSite\",\"@id\":\"https:\/\/classiccarrestorationcenter.com\/#website\",\"url\":\"https:\/\/classiccarrestorationcenter.com\/\",\"name\":\"Classic Car Restoration Center\",\"description\":\"Restauracja samochod\u00f3w klasycznych i zabytkowych. Specjalizacja: Alfa Romeo\",\"potentialAction\":[{\"@type\":\"SearchAction\",\"target\":{\"@type\":\"EntryPoint\",\"urlTemplate\":\"https:\/\/classiccarrestorationcenter.com\/?s={search_term_string}\"},\"query-input\":\"required name=search_term_string\"}],\"inLanguage\":\"sk-SK\"}]}<\/script>\n<!-- \/ Yoast SEO plugin. -->","yoast_head_json":{"title":"Re\u0161taur\u00e1cia klasick\u00fdch automobilov a veter\u00e1nov \u2013 Classic Car Restoration Center","description":"Re\u0161taur\u00e1cia klasick\u00fdch automobilov a veter\u00e1nov. \u0160pecializujeme sa na vozidl\u00e1 zna\u010dky Alfa Romeo, Saab, Fiat, Porsche, Jaguar, Triumph a Mercedes.","robots":{"index":"index","follow":"follow","max-snippet":"max-snippet:-1","max-image-preview":"max-image-preview:large","max-video-preview":"max-video-preview:-1"},"canonical":"https:\/\/classiccarrestorationcenter.com\/sk\/","og_locale":"sk_SK","og_type":"article","og_title":"Re\u0161taur\u00e1cia klasick\u00fdch automobilov a veter\u00e1nov \u2013 Classic Car Restoration Center","og_description":"Re\u0161taur\u00e1cia klasick\u00fdch automobilov a veter\u00e1nov. \u0160pecializujeme sa na vozidl\u00e1 zna\u010dky Alfa Romeo, Saab, Fiat, Porsche, Jaguar, Triumph a Mercedes.","og_url":"https:\/\/classiccarrestorationcenter.com\/sk\/","og_site_name":"Classic Car Restoration Center","article_modified_time":"2018-11-29T14:05:33+00:00","schema":{"@context":"https:\/\/schema.org","@graph":[{"@type":"WebPage","@id":"https:\/\/classiccarrestorationcenter.com\/sk\/","url":"https:\/\/classiccarrestorationcenter.com\/sk\/","name":"Re\u0161taur\u00e1cia klasick\u00fdch automobilov a veter\u00e1nov \u2013 Classic Car Restoration Center","isPartOf":{"@id":"https:\/\/classiccarrestorationcenter.com\/#website"},"datePublished":"2014-09-11T13:14:14+00:00","dateModified":"2018-11-29T14:05:33+00:00","description":"Re\u0161taur\u00e1cia klasick\u00fdch automobilov a veter\u00e1nov. \u0160pecializujeme sa na vozidl\u00e1 zna\u010dky Alfa Romeo, Saab, Fiat, Porsche, Jaguar, Triumph a Mercedes.","breadcrumb":{"@id":"https:\/\/classiccarrestorationcenter.com\/sk\/#breadcrumb"},"inLanguage":"sk-SK","potentialAction":[{"@type":"ReadAction","target":["https:\/\/classiccarrestorationcenter.com\/sk\/"]}]},{"@type":"BreadcrumbList","@id":"https:\/\/classiccarrestorationcenter.com\/sk\/#breadcrumb","itemListElement":[{"@type":"ListItem","position":1,"name":"Strona g\u0142\u00f3wna","item":"https:\/\/classiccarrestorationcenter.com\/sk\/"},{"@type":"ListItem","position":2,"name":"\u00davod"}]},{"@type":"WebSite","@id":"https:\/\/classiccarrestorationcenter.com\/#website","url":"https:\/\/classiccarrestorationcenter.com\/","name":"Classic Car Restoration Center","description":"Restauracja samochod\u00f3w klasycznych i zabytkowych. Specjalizacja: Alfa Romeo","potentialAction":[{"@type":"SearchAction","target":{"@type":"EntryPoint","urlTemplate":"https:\/\/classiccarrestorationcenter.com\/?s={search_term_string}"},"query-input":"required name=search_term_string"}],"inLanguage":"sk-SK"}]}},"_links":{"self":[{"href":"https:\/\/classiccarrestorationcenter.com\/sk\/wp-json\/wp\/v2\/pages\/667"}],"collection":[{"href":"https:\/\/classiccarrestorationcenter.com\/sk\/wp-json\/wp\/v2\/pages"}],"about":[{"href":"https:\/\/classiccarrestorationcenter.com\/sk\/wp-json\/wp\/v2\/types\/page"}],"author":[{"embeddable":true,"href":"https:\/\/classiccarrestorationcenter.com\/sk\/wp-json\/wp\/v2\/users\/1"}],"replies":[{"embeddable":true,"href":"https:\/\/classiccarrestorationcenter.com\/sk\/wp-json\/wp\/v2\/comments?post=667"}],"version-history":[{"count":1,"href":"https:\/\/classiccarrestorationcenter.com\/sk\/wp-json\/wp\/v2\/pages\/667\/revisions"}],"predecessor-version":[{"id":34578,"href":"https:\/\/classiccarrestorationcenter.com\/sk\/wp-json\/wp\/v2\/pages\/667\/revisions\/34578"}],"wp:attachment":[{"href":"https:\/\/classiccarrestorationcenter.com\/sk\/wp-json\/wp\/v2\/media?parent=667"}],"curies":[{"name":"wp","href":"https:\/\/api.w.org\/{rel}","templated":true}]}}